{"id":96,"date":"2021-05-09T08:39:47","date_gmt":"2021-05-09T06:39:47","guid":{"rendered":"http:\/\/messages-d-ici-et-ailleurs.space\/?page_id=96"},"modified":"2021-07-22T10:29:13","modified_gmt":"2021-07-22T08:29:13","slug":"alimentation","status":"publish","type":"page","link":"https:\/\/messages-d-ici-et-ailleurs.space\/?page_id=96","title":{"rendered":"Alimentation"},"content":{"rendered":"\n<p>mettre power point ici<\/p>\n\n\n\n<div class=\"wp-block-file\"><a href=\"http:\/\/messages-d-ici-et-ailleurs.space\/wp-content\/uploads\/2021\/07\/ppt-alim-de-sionve.odp\">ppt-alim-de-sionve<\/a><a href=\"http:\/\/messages-d-ici-et-ailleurs.space\/wp-content\/uploads\/2021\/07\/ppt-alim-de-sionve.odp\" class=\"wp-block-file__button\" download>Download<\/a><\/div>\n\n\n\n<p><strong>en r\u00e9sum\u00e9<\/strong><\/p>\n\n\n\n<p>ecouter son instinct, tester l&#8217;aspect energie, v\u00e9g\u00e9tale\/vivant\/vari\u00e9,hygi\u00e9nisme<\/p>\n\n\n\n<p>s&#8217;adapter<\/p>\n\n\n\n<p>conscientiser les r\u00e9percussions<\/p>\n\n\n\n<p><\/p>\n","protected":false},"excerpt":{"rendered":"<p>mettre power point ici en r\u00e9sum\u00e9 ecouter son instinct, tester l&#8217;aspect energie, v\u00e9g\u00e9tale\/vivant\/vari\u00e9,hygi\u00e9nisme s&#8217;adapter conscientiser les r\u00e9percussions<\/p>\n","protected":false},"author":1,"featured_media":0,"parent":0,"menu_order":0,"comment_status":"closed","ping_status":"closed","template":"","meta":{"footnotes":""},"class_list":["post-96","page","type-page","status-publish","hentry"],"_links":{"self":[{"href":"https:\/\/messages-d-ici-et-ailleurs.space\/index.php?rest_route=\/wp\/v2\/pages\/96","targetHints":{"allow":["GET"]}}],"collection":[{"href":"https:\/\/messages-d-ici-et-ailleurs.space\/index.php?rest_route=\/wp\/v2\/pages"}],"about":[{"href":"https:\/\/messages-d-ici-et-ailleurs.space\/index.php?rest_route=\/wp\/v2\/types\/page"}],"author":[{"embeddable":true,"href":"https:\/\/messages-d-ici-et-ailleurs.space\/index.php?rest_route=\/wp\/v2\/users\/1"}],"replies":[{"embeddable":true,"href":"https:\/\/messages-d-ici-et-ailleurs.space\/index.php?rest_route=%2Fwp%2Fv2%2Fcomments&post=96"}],"version-history":[{"count":3,"href":"https:\/\/messages-d-ici-et-ailleurs.space\/index.php?rest_route=\/wp\/v2\/pages\/96\/revisions"}],"predecessor-version":[{"id":135,"href":"https:\/\/messages-d-ici-et-ailleurs.space\/index.php?rest_route=\/wp\/v2\/pages\/96\/revisions\/135"}],"wp:attachment":[{"href":"https:\/\/messages-d-ici-et-ailleurs.space\/index.php?rest_route=%2Fwp%2Fv2%2Fmedia&parent=96"}],"curies":[{"name":"wp","href":"https:\/\/api.w.org\/{rel}","templated":true}]}}