{"id":92,"date":"2021-05-09T08:29:23","date_gmt":"2021-05-09T06:29:23","guid":{"rendered":"http:\/\/messages-d-ici-et-ailleurs.space\/?page_id=92"},"modified":"2021-05-09T08:29:23","modified_gmt":"2021-05-09T06:29:23","slug":"en-chemin-vers-soi","status":"publish","type":"page","link":"https:\/\/messages-d-ici-et-ailleurs.space\/?page_id=92","title":{"rendered":"En chemin vers soi"},"content":{"rendered":"\n<h2 class=\"wp-block-heading\">Sommaire<\/h2>\n\n\n\n<ul class=\"wp-block-list\"><li><a href=\"https:\/\/en-chemin-vers-soi.fandom.com\/fr\/wiki\/Wiki_En_chemin_vers_soi#Bienvenue_sur_le_wiki_En_chemin_vers_soi_:.29\">Bienvenue sur le wiki En chemin vers soi&nbsp;\ud83d\ude42<\/a><\/li><li><a href=\"https:\/\/en-chemin-vers-soi.fandom.com\/fr\/wiki\/Wiki_En_chemin_vers_soi#Th.C3.A8mes\">Th\u00e8mes<\/a><ul><li><a href=\"https:\/\/en-chemin-vers-soi.fandom.com\/fr\/wiki\/Wiki_En_chemin_vers_soi#Changer_du_dedans.2C_reconnecter_.C3.A0_soi.2C_vivre_mieux_avec_soi_.2C_s.27aimer.2C_se_r.C3.A9ajuster\">Changer du dedans, reconnecter \u00e0 soi, vivre mieux avec soi , s&#8217;aimer, se r\u00e9ajuster<\/a><\/li><li><a href=\"https:\/\/en-chemin-vers-soi.fandom.com\/fr\/wiki\/Wiki_En_chemin_vers_soi#Aimer_l.27autre_tout_en_se_respectant_et_savoir_co_cr.C3.A9er\">Aimer l&#8217;autre tout en se respectant et savoir co cr\u00e9er<\/a><\/li><li><a href=\"https:\/\/en-chemin-vers-soi.fandom.com\/fr\/wiki\/Wiki_En_chemin_vers_soi#Contribuer_a_un_monde_meilleur_tout_autour\">Contribuer a un monde meilleur tout autour<\/a><\/li><li><a href=\"https:\/\/en-chemin-vers-soi.fandom.com\/fr\/wiki\/Wiki_En_chemin_vers_soi#Se_reconnecter_.C3.A0_la_biosph.C3.A8re.2C_.C3.A0_la_Terre_et_la_pr.C3.A9server\">Se reconnecter \u00e0 la biosph\u00e8re, \u00e0 la Terre et la pr\u00e9server<\/a><\/li><li><a href=\"https:\/\/en-chemin-vers-soi.fandom.com\/fr\/wiki\/Wiki_En_chemin_vers_soi#Exercice_en_ligne_gratuit\">Exercice en ligne gratuit<\/a><\/li><\/ul><\/li><li><a href=\"https:\/\/en-chemin-vers-soi.fandom.com\/fr\/wiki\/Wiki_En_chemin_vers_soi#Activit.C3.A9_r.C3.A9cente\">Activit\u00e9 r\u00e9cente<\/a><\/li><\/ul>\n\n\n\n<h2 class=\"wp-block-heading\">Bienvenue sur le wiki En chemin vers soi&nbsp;\ud83d\ude42<\/h2>\n\n\n\n<p>#<strong>changer du dedans, reconnecter \u00e0 soi, vivre mieux en soi avec les autres et contribuer \u00e0 un monde meilleur tout autour<\/strong><\/p>\n\n\n\n<p><strong>#Approches<\/strong> <strong>globales<\/strong>=<\/p>\n\n\n\n<ul class=\"wp-block-list\"><li>*<strong>se connaitre et s&#8217;accepter (connecter \u00e0 sa multidimensionnalit\u00e9, r\u00e9activer son c\u0153ur, reconnecter a sa mission de vie,&#8230;<\/strong>)<\/li><li>*s<strong>avoir discerner et r\u00e9ajuster savoir voir un dysfonctionnement int\u00e9rieur trouver son origine le besoin associ\u00e9 et poser l&#8217;acte adapt\u00e9 pour le nourrir et d\u00e9passer et \u00e9voluer<\/strong><\/li><li>*<strong>permaculture humaine<\/strong><\/li><li><strong>clarifier ses valeurs, ses peurs, reconnecter \u00e0 son arbre int\u00e9rieur\/ ancrage alignement expansion rayonnement, savoir se recentrer, r\u00e9ajuster, discerner, se responsabiliser, agir en soi et autour de soi<\/strong><\/li><li><strong>approche c\u0153ur ailleurs\/ \u00e9motions ventre \/ pens\u00e9es t\u00eate \/ corps ressenti\/ actions<\/strong><\/li><\/ul>\n\n\n\n<h2 class=\"wp-block-heading\">Th\u00e8mes<\/h2>\n\n\n\n<h3 class=\"wp-block-heading\">Changer du dedans, reconnecter \u00e0 soi, vivre mieux avec soi , s&#8217;aimer, se r\u00e9ajuster<\/h3>\n\n\n\n<p><sub>connecter a sa multidimensionnalit\u00e9 se connaitre, r\u00e9activer son c\u0153ur, reconnecter \u00e0 sa mission de vie, reconnecter \u00e0 son arbre int\u00e9rieur\/ ancrage alignement expansion rayonnement, savoir se recentre, r\u00e9ajuster, discerner, se responsabiliser<\/sub><\/p>\n\n\n\n<ul class=\"wp-block-list\"><li>se connaitre s&#8217;aimer s&#8217;accepter et transmuter ses disfonctionnalit\u00e9s<\/li><li>r\u00e9activer son c\u0153ur (= penser \u00e0 quelque chose qui fait p\u00e9tiller du Dedans, qui \u00e9largit qui grandit, ses enfants, ses animaux de compagnie, un beau paysage, une belle phrase &#8220;au centre de mon \u00catre se trouve un puis infini d&#8217;amour que je laisse jaillir a la surface et rayonner en moi et autour de moi)<\/li><li>reconnecter \u00e0 son arbre d&#8217;int\u00e9rieur (\u00catre debout ancr\u00e9 a la Terre connect\u00e9 a l&#8217;Ailleurs et au Dedans) <a href=\"https:\/\/www.youtube.com\/watch?v=JKQbn13BSrY\" target=\"_blank\" rel=\"noreferrer noopener\">video exo 1min<\/a><\/li><li><a href=\"https:\/\/en-chemin-vers-soi.fandom.com\/fr\/wiki\/Connecter_\u00e0_sa_mission_de_vie\" target=\"_blank\" rel=\"noreferrer noopener\">connecter \u00e0 sa mission de vie<\/a><\/li><li>savoir se recentrer, s&#8217;apaiser, revenir au Dedans<\/li><li>s&#8217;observer\/ discerner \/r\u00e9ajuster = transmuter ses disfonctionnalit\u00e9s en qualit\u00e9 et nourrir ses fonctionnalit\u00e9s<\/li><li>comprendre sa complexit\u00e9 ( int\u00e9grer et r\u00e9harmoniser ses diff\u00e9rentes parts\/facette de personnalit\u00e9)<\/li><li>clarifier,d\u00e9poussi\u00e9rer, trier ses valeurs(quelles sont elles? d\u2019o\u00f9 viennent elles? me conviennent elles? les garder, les r\u00e9adapter, les changer?) <a href=\"https:\/\/www.youtube.com\/watch?v=7YAHeIqX-bQ\" target=\"_blank\" rel=\"noreferrer noopener\">(video 9min)<\/a><\/li><li>se d\u00e9barrasser de ses croyances limitantes ( en gros l&#8217;auto-saboteur int\u00e9rieur, quand vous avez un projet ou quelque chose d&#8217;important les petites pens\u00e9es qui sapent le moral)<\/li><li>d\u00e9passer ses peurs, ses pens\u00e9es en boucles, ses sch\u00e9mas dysfonctionnels<\/li><li>d\u00e9passer ses traumas<\/li><\/ul>\n\n\n\n<ul class=\"wp-block-list\"><li>un posture int\u00e9rieure\/ext\u00e9rieure adapt\u00e9e de bonnes racine un bon tronc et de grandes branches (ancrage, alignement , expansion, rayonnement )<\/li><li>quelques exercices<\/li><li>son corps ,l&#8217;aimer, le respecter, l&#8217;entretenir<\/li><li>trouver sa pratique personnelle quotidienne (approche c\u0153ur ailleurs\/ \u00e9motions ventre \/ pens\u00e9es t\u00eate \/ corps) <a href=\"https:\/\/www.youtube.com\/watch?v=hYsxq0qWEHI\" target=\"_blank\" rel=\"noreferrer noopener\">video 6min<\/a><\/li><\/ul>\n\n\n\n<h3 class=\"wp-block-heading\">Aimer l&#8217;autre tout en se respectant et savoir co cr\u00e9er<\/h3>\n\n\n\n<ul class=\"wp-block-list\"><li>connaitre ses fonctionnements, ses limites et savoir les dire<\/li><li>les relations de familles (\u00e9claircir les non dits, d\u00e9passer les routines relationnelles disfontcionnelles, le fameux repas de famille&#8230;,)<\/li><li>des outils de communication (cnv, communication transformative, m\u00e9diation&#8230;)<\/li><li>bien vivre ses relations de travail<\/li><li>mieux vivre ses relations de voisinage<\/li><li>cas particuliers se positionner face au sexisme, racisme, agisme, occidentalisme, &#8230;. (voir aussi exo de posture interieur + info sp\u00e9 sur ces sujets )<\/li><li>co-cr\u00e9er un d\u00e9licat \u00e9quilibre d&#8217;\u00e9coute, de r\u00e9ajustement, de clarification, une posture ajust\u00e9e, des outils d&#8217;intelligence collectives et \u00e9motionnelles<\/li><\/ul>\n\n\n\n<h3 class=\"wp-block-heading\">Contribuer a un monde meilleur tout autour<\/h3>\n\n\n\n<ul class=\"wp-block-list\"><li>voir wiki <a href=\"https:\/\/en-transition-changeons.fandom.com\/fr\/wiki\/Wiki_En_transition_Changeons\" target=\"_blank\" rel=\"noreferrer noopener\">&#8220;en transition changeons&#8221;<\/a><\/li><li>changer dans son travail, son mode de consommation, son rapport au monde<\/li><li>rayonner son r\u00e9ajustement au dehors (qualit\u00e9 de pens\u00e9e, d\u2019\u00e9coute,..) et l&#8217;incarner pour de vrai au quotidien (consommer, militer, cr\u00e9er, partager)<\/li><li>r\u00eaver et incarner un nouveau monde, dans le concret \u00e9galement (s&#8217;organiser, reprioriser la Vie, sortir de la roue et passer a une sph\u00e8re harmonieuse)<\/li><\/ul>\n\n\n\n<h3 class=\"wp-block-heading\">Se reconnecter \u00e0 la biosph\u00e8re, \u00e0 la Terre et la pr\u00e9server<\/h3>\n\n\n\n<ul class=\"wp-block-list\"><li>communication v\u00e9g\u00e9tale, animale, min\u00e9rale<\/li><li>anthropocentrisme vs naturocentrisme, revenons \u00e0 la sph\u00e8re, \u00e0 l&#8217;humilit\u00e9 et \u00e0 la gratitude<\/li><\/ul>\n\n\n\n<h3 class=\"wp-block-heading\">Exercice en ligne gratuit<\/h3>\n\n\n\n<ul class=\"wp-block-list\"><li>exercice r\u00e9alignement du matin<\/li><li>exo recentrage r\u00e9alignement recentrage nettoyage <a href=\"https:\/\/www.youtube.com\/watch?v=s88G9-Tf2EQ\" target=\"_blank\" rel=\"noreferrer noopener\">ici<\/a><\/li><\/ul>\n\n\n\n<ul class=\"wp-block-list\"><li>exercice gratuit &#8220;&#8221;&#8221;pour changer de vie, quelques outils comment\u00e9s.. a vous d&#8217;exp\u00e9rimenter&#8221;&#8221;&#8221; c&#8217;est par <a href=\"https:\/\/en-chemin-vers-soi.fandom.com\/fr\/wiki\/Exercices_en_ligne?venotify=created\" target=\"_blank\" rel=\"noreferrer noopener\">ici<\/a><\/li><li>exo li\u00e9 aux corona pour se recharger, d\u00e9passer, et autre (plutot orient\u00e9 agents hospitalier mais pas que&#8230;) &#8230;<a href=\"https:\/\/rayonner-plutot-que-coronabiduler.fandom.com\/fr\/wiki\/Outils_pour_agents_hospitalier_gerer_le_stress_,_l%27\u00e9puisement_,_garder_le_moral\" target=\"_blank\" rel=\"noreferrer noopener\">ici<\/a><\/li><\/ul>\n\n\n\n<h1 class=\"wp-block-heading\">Connecter \u00e0 sa mission de vie<\/h1>\n\n\n\n<p><a href=\"https:\/\/en-chemin-vers-soi.fandom.com\/fr\/wiki\/Connecter_\u00e0_sa_mission_de_vie?veaction=edit\">Modifier<\/a><\/p>\n\n\n\n<p><a href=\"https:\/\/en-chemin-vers-soi.fandom.com\/fr\/wiki\/Connecter_\u00e0_sa_mission_de_vie#\">Partager<\/a><\/p>\n\n\n\n<hr class=\"wp-block-separator\"\/>\n\n\n\n<p>En gros pourquoi on est ici? quelle est notre contribution unique \u00e0 un monde meilleure du Dedans et du Dehors<\/p>\n\n\n\n<p>pour moi il ya<\/p>\n\n\n\n<ul class=\"wp-block-list\"><li>une mission transversale partag\u00e9e par tous les Etres = d\u00e9velopper la PAIX , l AMOUR et la JOIE<\/li><li>une mission sp\u00e9cifique personnel = nourrir nos qualit\u00e9s, r\u00e9ajuster nos disfonctionnalit\u00e9s<\/li><li>une mission sp\u00e9cifique pour le monde = contribuer par nos dons, talents, \u00e9lans sp\u00e9cifiques a un monde meilleur au dedans et au dehors = faire ce qui nous nourris ce qui nous remplis et ce qui rayonne et sonne<\/li><\/ul>\n\n\n\n<p>petit exo de sophro pour y connecter<\/p>\n\n\n\n<p><a href=\"https:\/\/www.youtube.com\/watch?v=GYtQRjm7KJw\" target=\"_blank\" rel=\"noreferrer noopener\">petite chanson<\/a> pour accompagner sa reflexion personnelle sur le sujet ou s&#8217;inspirer<\/p>\n\n\n\n<p><a href=\"http:\/\/dujeuaunous.com\/wp-admin\/post.php?post=155&amp;action=edit\" target=\"_blank\" rel=\"noreferrer noopener\">petit quizz<\/a><\/p>\n\n\n\n<p><a href=\"http:\/\/dujeuaunous.com\/?page_id=155\" target=\"_blank\" rel=\"noreferrer noopener\">petit texte dessin en mode court<\/a><\/p>\n\n\n\n<p>l approche IKIGAI <a href=\"https:\/\/www.innovation-en-education.fr\/ikigai-la-methode-japonaise-pour-trouver-sa-mission-de-vie\/\" target=\"_blank\" rel=\"noreferrer noopener\">https:\/\/www.innovation-en-education.fr\/ikigai-la-methode-japonaise-pour-trouver-sa-mission-de-vie\/<\/a><\/p>\n\n\n\n<p>changer pour de vrai <a href=\"https:\/\/www.youtube.com\/watch?v=mW9sSP9myEM\" target=\"_blank\" rel=\"noreferrer noopener\">vid\u00e9o comment\u00e9e d&#8217;outils<\/a><\/p>\n\n\n\n<p>approche pens\u00e9e emotion corps<\/p>\n","protected":false},"excerpt":{"rendered":"<p>Sommaire Bienvenue sur le wiki En chemin vers soi&nbsp;\ud83d\ude42 Th\u00e8mes Changer du dedans, reconnecter \u00e0 soi, vivre mieux avec soi , s&#8217;aimer, se r\u00e9ajuster Aimer l&#8217;autre tout en se respectant et savoir co cr\u00e9er Contribuer a un monde meilleur tout autour Se reconnecter \u00e0 la biosph\u00e8re, \u00e0 la Terre et la pr\u00e9server Exercice en ligne &hellip; <\/p>\n<p class=\"link-more\"><a href=\"https:\/\/messages-d-ici-et-ailleurs.space\/?page_id=92\" class=\"more-link\">Continue reading<span class=\"screen-reader-text\"> &#8220;En chemin vers soi&#8221;<\/span><\/a><\/p>\n","protected":false},"author":1,"featured_media":0,"parent":0,"menu_order":0,"comment_status":"closed","ping_status":"closed","template":"","meta":{"footnotes":""},"class_list":["post-92","page","type-page","status-publish","hentry"],"_links":{"self":[{"href":"https:\/\/messages-d-ici-et-ailleurs.space\/index.php?rest_route=\/wp\/v2\/pages\/92","targetHints":{"allow":["GET"]}}],"collection":[{"href":"https:\/\/messages-d-ici-et-ailleurs.space\/index.php?rest_route=\/wp\/v2\/pages"}],"about":[{"href":"https:\/\/messages-d-ici-et-ailleurs.space\/index.php?rest_route=\/wp\/v2\/types\/page"}],"author":[{"embeddable":true,"href":"https:\/\/messages-d-ici-et-ailleurs.space\/index.php?rest_route=\/wp\/v2\/users\/1"}],"replies":[{"embeddable":true,"href":"https:\/\/messages-d-ici-et-ailleurs.space\/index.php?rest_route=%2Fwp%2Fv2%2Fcomments&post=92"}],"version-history":[{"count":1,"href":"https:\/\/messages-d-ici-et-ailleurs.space\/index.php?rest_route=\/wp\/v2\/pages\/92\/revisions"}],"predecessor-version":[{"id":93,"href":"https:\/\/messages-d-ici-et-ailleurs.space\/index.php?rest_route=\/wp\/v2\/pages\/92\/revisions\/93"}],"wp:attachment":[{"href":"https:\/\/messages-d-ici-et-ailleurs.space\/index.php?rest_route=%2Fwp%2Fv2%2Fmedia&parent=92"}],"curies":[{"name":"wp","href":"https:\/\/api.w.org\/{rel}","templated":true}]}}