{"id":6,"date":"2020-06-04T04:56:05","date_gmt":"2020-06-04T02:56:05","guid":{"rendered":"http:\/\/messages-d-ici-et-ailleurs.space\/?page_id=6"},"modified":"2020-06-04T06:02:24","modified_gmt":"2020-06-04T04:02:24","slug":"bienvenue-a-toutes-et-a-tous","status":"publish","type":"page","link":"https:\/\/messages-d-ici-et-ailleurs.space\/","title":{"rendered":"Bienvenue a toutes et \u00e0 tous&#8230;"},"content":{"rendered":"\n<p>&#8230;sur le site de la Web Radio           MESSAGE D ICI ET D AILLEURS (plutot sous forme de postcast): <\/p>\n\n\n\n<p>des Chants inspir\u00e9s parfois inspirants, de l&#8217;actualit\u00e9 parfois m\u00e9ta analys\u00e9e parfois ironis\u00e9e, des exercices de d\u00e9veloppement personnels, de la po\u00e9sie d&#8217;ici et d&#8217;ailleurs. <\/p>\n\n\n\n<p><strong>Les \u00e9missions<\/strong><\/p>\n\n\n\n<p>Les \u00e9missions du matin (exo\/analyse actualit\u00e9\/ arbre int\u00e9rieur\/&#8230;)                               Les emission pause de 10h                        Les \u00e9missions pauses d\u00e9jeun\u00e9s                                                      Les emissions fin de journ\u00e9e <em>(pour destresser evacuer avant de rentrer<\/em><\/p>\n\n\n\n<p>Les emissions week end                                                                      Les emissions sp\u00e9ciales (cuisine express, concert cosmic, ) <\/p>\n\n\n\n<p>Les \u00e9missions <a href=\"https:\/\/messages-d-ici-et-d-ailleurs.fandom.com\/fr\/wiki\/Les_emissions_Exo_du_Dedans\">Exo du Dedans<\/a>  (d\u00e9passer les traumas, missions de vie, d\u00e9passer le corona&#8230;)  <\/p>\n\n\n\n<p>Les concerts d&#8217;Ici et d&#8217;Ailleurs<\/p>\n\n\n\n<p><\/p>\n\n\n\n<p><strong>Quelques ressources<\/strong><\/p>\n\n\n\n<p>*Autres exo et lien vid\u00e9o ici <\/p>\n\n\n\n<p>Lien pour wiki &#8220;<a href=\"https:\/\/en-transition-changeons.fandom.com\/fr\/wiki\/Wiki_En_transition_Changeons\">En transition changeons approche globale&#8221;<\/a>\n<\/p>\n\n\n\n<p>Lien pour wiki &#8220;<a href=\"https:\/\/en-chemin-vers-soi.fandom.com\/fr\/wiki\/Wiki_En_chemin_vers_soi\">En chemin vers soi&#8221;<\/a>\n<\/p>\n\n\n\n<p>Lien pour wiki <a href=\"https:\/\/rayonner-plutot-que-coronabiduler.fandom.com\/fr\/wiki\/Rayonner_plutot_que_coronabiduler\">&#8220;Rayonner plutot que coronabiduler&#8221;<\/a>\n<\/p>\n\n\n\n<p>Lien pour wiki &#8220;<a href=\"https:\/\/collapse-et-transition-outils-pratiques.fandom.com\/fr\/wiki\/Wiki_Collapse_et_transition_outils_pratiques\">Collapse Transition outils concrets&#8221;<\/a>\n<\/p>\n\n\n\n<p>Lien pour wiki &#8220;<a href=\"https:\/\/protectnature.fandom.com\/fr\/wiki\/Wiki_ProtectNature\">Protect Nature<\/a>&#8221;\n<\/p>\n\n\n\n<p>Lien pour wiki &#8220;<a href=\"https:\/\/lecons-de-vie-et-on-grandit.fandom.com\/fr\/wiki\/Wiki_Lecons_de_Vie_et_on_grandit#Bienvenue_sur_le_wiki_Lecons_de_Vie_et_on_grandit\">Education Globale<\/a>&#8221;\n<\/p>\n\n\n\n<p>Lien pour wiki &#8220;Permaculture holistique&#8221;\n<\/p>\n\n\n\n<p>Lien pour wiki &#8220;Apprenons les lecons de l&#8217;Histoire&#8221; <a href=\"https:\/\/apprenons-les-lecons-de-l-histoire.fandom.com\/fr\/wiki\/Les_grands_sch%C3%A9mas_(patterns)_qui_se_repetent\">les patterns de l&#8217;Histoire<\/a>\n<\/p>\n\n\n\n<p>Lien pour wiki &#8220;<a href=\"https:\/\/lecons-de-vie-et-on-grandit.fandom.com\/fr\/wiki\/Wiki_Lecons_de_Vie_et_on_grandit#Bienvenue_sur_le_wiki_Lecons_de_Vie_et_on_grandit\">Partageons nos lecons de vie<\/a>&#8221;\n<\/p>\n\n\n\n<p>Ressources diverses interessantes (outils pour changer de vie, associations, relai d&#8217;information\n<\/p>\n\n\n\n<p>Lien pour donner, soutenir le projet\n<\/p>\n","protected":false},"excerpt":{"rendered":"<p>&#8230;sur le site de la Web Radio MESSAGE D ICI ET D AILLEURS (plutot sous forme de postcast): des Chants inspir\u00e9s parfois inspirants, de l&#8217;actualit\u00e9 parfois m\u00e9ta analys\u00e9e parfois ironis\u00e9e, des exercices de d\u00e9veloppement personnels, de la po\u00e9sie d&#8217;ici et d&#8217;ailleurs. Les \u00e9missions Les \u00e9missions du matin (exo\/analyse actualit\u00e9\/ arbre int\u00e9rieur\/&#8230;) Les emission pause de &hellip; <\/p>\n<p class=\"link-more\"><a href=\"https:\/\/messages-d-ici-et-ailleurs.space\/\" class=\"more-link\">Continue reading<span class=\"screen-reader-text\"> &#8220;Bienvenue a toutes et \u00e0 tous&#8230;&#8221;<\/span><\/a><\/p>\n","protected":false},"author":1,"featured_media":0,"parent":0,"menu_order":0,"comment_status":"closed","ping_status":"closed","template":"","meta":{"footnotes":""},"class_list":["post-6","page","type-page","status-publish","hentry"],"_links":{"self":[{"href":"https:\/\/messages-d-ici-et-ailleurs.space\/index.php?rest_route=\/wp\/v2\/pages\/6","targetHints":{"allow":["GET"]}}],"collection":[{"href":"https:\/\/messages-d-ici-et-ailleurs.space\/index.php?rest_route=\/wp\/v2\/pages"}],"about":[{"href":"https:\/\/messages-d-ici-et-ailleurs.space\/index.php?rest_route=\/wp\/v2\/types\/page"}],"author":[{"embeddable":true,"href":"https:\/\/messages-d-ici-et-ailleurs.space\/index.php?rest_route=\/wp\/v2\/users\/1"}],"replies":[{"embeddable":true,"href":"https:\/\/messages-d-ici-et-ailleurs.space\/index.php?rest_route=%2Fwp%2Fv2%2Fcomments&post=6"}],"version-history":[{"count":4,"href":"https:\/\/messages-d-ici-et-ailleurs.space\/index.php?rest_route=\/wp\/v2\/pages\/6\/revisions"}],"predecessor-version":[{"id":54,"href":"https:\/\/messages-d-ici-et-ailleurs.space\/index.php?rest_route=\/wp\/v2\/pages\/6\/revisions\/54"}],"wp:attachment":[{"href":"https:\/\/messages-d-ici-et-ailleurs.space\/index.php?rest_route=%2Fwp%2Fv2%2Fmedia&parent=6"}],"curies":[{"name":"wp","href":"https:\/\/api.w.org\/{rel}","templated":true}]}}