{"id":35,"date":"2020-06-04T05:30:12","date_gmt":"2020-06-04T03:30:12","guid":{"rendered":"http:\/\/messages-d-ici-et-ailleurs.space\/?page_id=35"},"modified":"2020-06-04T05:30:12","modified_gmt":"2020-06-04T03:30:12","slug":"emissions-pauses-de-10h","status":"publish","type":"page","link":"https:\/\/messages-d-ici-et-ailleurs.space\/?page_id=35","title":{"rendered":"Emissions pauses de 10h"},"content":{"rendered":"\n<p>10 a 15 min pour se recentrer, se changer les id\u00e9es, repensez diff\u00e9rement a ce qui s&#8217;est pass\u00e9 pour vous dans la matin\u00e9e<\/p>\n","protected":false},"excerpt":{"rendered":"<p>10 a 15 min pour se recentrer, se changer les id\u00e9es, repensez diff\u00e9rement a ce qui s&#8217;est pass\u00e9 pour vous dans la matin\u00e9e<\/p>\n","protected":false},"author":1,"featured_media":0,"parent":0,"menu_order":0,"comment_status":"closed","ping_status":"closed","template":"","meta":{"footnotes":""},"class_list":["post-35","page","type-page","status-publish","hentry"],"_links":{"self":[{"href":"https:\/\/messages-d-ici-et-ailleurs.space\/index.php?rest_route=\/wp\/v2\/pages\/35","targetHints":{"allow":["GET"]}}],"collection":[{"href":"https:\/\/messages-d-ici-et-ailleurs.space\/index.php?rest_route=\/wp\/v2\/pages"}],"about":[{"href":"https:\/\/messages-d-ici-et-ailleurs.space\/index.php?rest_route=\/wp\/v2\/types\/page"}],"author":[{"embeddable":true,"href":"https:\/\/messages-d-ici-et-ailleurs.space\/index.php?rest_route=\/wp\/v2\/users\/1"}],"replies":[{"embeddable":true,"href":"https:\/\/messages-d-ici-et-ailleurs.space\/index.php?rest_route=%2Fwp%2Fv2%2Fcomments&post=35"}],"version-history":[{"count":1,"href":"https:\/\/messages-d-ici-et-ailleurs.space\/index.php?rest_route=\/wp\/v2\/pages\/35\/revisions"}],"predecessor-version":[{"id":36,"href":"https:\/\/messages-d-ici-et-ailleurs.space\/index.php?rest_route=\/wp\/v2\/pages\/35\/revisions\/36"}],"wp:attachment":[{"href":"https:\/\/messages-d-ici-et-ailleurs.space\/index.php?rest_route=%2Fwp%2Fv2%2Fmedia&parent=35"}],"curies":[{"name":"wp","href":"https:\/\/api.w.org\/{rel}","templated":true}]}}