{"id":265,"date":"2024-01-09T22:40:33","date_gmt":"2024-01-09T21:40:33","guid":{"rendered":"http:\/\/messages-d-ici-et-ailleurs.space\/?page_id=265"},"modified":"2024-01-09T22:46:40","modified_gmt":"2024-01-09T21:46:40","slug":"meditations","status":"publish","type":"page","link":"https:\/\/messages-d-ici-et-ailleurs.space\/?page_id=265","title":{"rendered":"Meditations"},"content":{"rendered":"\n<p>meditation guid\u00e9e a la rencontre de son guide interieur<\/p>\n\n\n\n<figure class=\"wp-block-audio\"><audio controls src=\"http:\/\/messages-d-ici-et-ailleurs.space\/wp-content\/uploads\/2021\/07\/connexion-guid-corse-bord-ocean.mp3\"><\/audio><\/figure>\n\n\n\n<p><\/p>\n\n\n\n<p>meditation guid\u00e9e, recentrage nettoyage, elan de soutien a celle et ceux qui en ont besoin (medit du dimanche)<\/p>\n\n\n\n<figure class=\"wp-block-audio\"><audio controls src=\"http:\/\/messages-d-ici-et-ailleurs.space\/wp-content\/uploads\/2024\/01\/9eme.mp3\"><\/audio><\/figure>\n\n\n\n<p><\/p>\n\n\n\n<p>meditation guid\u00e9e changement de vie<\/p>\n\n\n\n<figure class=\"wp-block-audio\"><audio controls src=\"http:\/\/messages-d-ici-et-ailleurs.space\/wp-content\/uploads\/2021\/11\/DELPHINE-01.mp3\"><\/audio><\/figure>\n\n\n\n<figure class=\"wp-block-audio\"><audio controls src=\"http:\/\/messages-d-ici-et-ailleurs.space\/wp-content\/uploads\/2021\/11\/DELPHINE-02.mp3\"><\/audio><\/figure>\n\n\n\n<figure class=\"wp-block-audio\"><audio controls src=\"http:\/\/messages-d-ici-et-ailleurs.space\/wp-content\/uploads\/2021\/11\/DELPHINE-03.mp3\"><\/audio><\/figure>\n","protected":false},"excerpt":{"rendered":"<p>meditation guid\u00e9e a la rencontre de son guide interieur meditation guid\u00e9e, recentrage nettoyage, elan de soutien a celle et ceux qui en ont besoin (medit du dimanche) meditation guid\u00e9e changement de vie<\/p>\n","protected":false},"author":1,"featured_media":0,"parent":0,"menu_order":0,"comment_status":"closed","ping_status":"closed","template":"","meta":{"footnotes":""},"class_list":["post-265","page","type-page","status-publish","hentry"],"_links":{"self":[{"href":"https:\/\/messages-d-ici-et-ailleurs.space\/index.php?rest_route=\/wp\/v2\/pages\/265","targetHints":{"allow":["GET"]}}],"collection":[{"href":"https:\/\/messages-d-ici-et-ailleurs.space\/index.php?rest_route=\/wp\/v2\/pages"}],"about":[{"href":"https:\/\/messages-d-ici-et-ailleurs.space\/index.php?rest_route=\/wp\/v2\/types\/page"}],"author":[{"embeddable":true,"href":"https:\/\/messages-d-ici-et-ailleurs.space\/index.php?rest_route=\/wp\/v2\/users\/1"}],"replies":[{"embeddable":true,"href":"https:\/\/messages-d-ici-et-ailleurs.space\/index.php?rest_route=%2Fwp%2Fv2%2Fcomments&post=265"}],"version-history":[{"count":3,"href":"https:\/\/messages-d-ici-et-ailleurs.space\/index.php?rest_route=\/wp\/v2\/pages\/265\/revisions"}],"predecessor-version":[{"id":270,"href":"https:\/\/messages-d-ici-et-ailleurs.space\/index.php?rest_route=\/wp\/v2\/pages\/265\/revisions\/270"}],"wp:attachment":[{"href":"https:\/\/messages-d-ici-et-ailleurs.space\/index.php?rest_route=%2Fwp%2Fv2%2Fmedia&parent=265"}],"curies":[{"name":"wp","href":"https:\/\/api.w.org\/{rel}","templated":true}]}}