{"id":238,"date":"2023-11-02T17:55:51","date_gmt":"2023-11-02T16:55:51","guid":{"rendered":"http:\/\/messages-d-ici-et-ailleurs.space\/?page_id=238"},"modified":"2025-03-28T20:42:36","modified_gmt":"2025-03-28T19:42:36","slug":"boutique","status":"publish","type":"page","link":"https:\/\/messages-d-ici-et-ailleurs.space\/?page_id=238","title":{"rendered":"Boutique"},"content":{"rendered":"\n<p>pour plus d&#8217;info   djetina_vibration (arobase)mailo(point)com  <\/p>\n\n\n\n<p class=\"has-vivid-cyan-blue-color has-text-color has-medium-font-size\"> <strong>*les CD<\/strong><\/p>\n\n\n\n<p><strong>Reconnexion <\/strong>(cd2 sur une ile aux antipodes)     acheter<\/p>\n\n\n\n<div class=\"wp-block-group\"><div class=\"wp-block-group__inner-container is-layout-constrained wp-block-group-is-layout-constrained\">\n<figure class=\"wp-block-gallery has-nested-images columns-default is-cropped wp-block-gallery-1 is-layout-flex wp-block-gallery-is-layout-flex\">\n<figure class=\"wp-block-image size-large\"><img loading=\"lazy\" decoding=\"async\" width=\"779\" height=\"699\" src=\"http:\/\/messages-d-ici-et-ailleurs.space\/wp-content\/uploads\/2023\/11\/pochette-cd-recto.jpg\" alt=\"\" class=\"wp-image-239\" srcset=\"https:\/\/messages-d-ici-et-ailleurs.space\/wp-content\/uploads\/2023\/11\/pochette-cd-recto.jpg 779w, https:\/\/messages-d-ici-et-ailleurs.space\/wp-content\/uploads\/2023\/11\/pochette-cd-recto-300x269.jpg 300w, https:\/\/messages-d-ici-et-ailleurs.space\/wp-content\/uploads\/2023\/11\/pochette-cd-recto-768x689.jpg 768w\" sizes=\"auto, (max-width: 767px) 89vw, (max-width: 1000px) 54vw, (max-width: 1071px) 543px, 580px\" \/><\/figure>\n\n\n\n<figure class=\"wp-block-image size-large\"><img loading=\"lazy\" decoding=\"async\" width=\"779\" height=\"695\" src=\"http:\/\/messages-d-ici-et-ailleurs.space\/wp-content\/uploads\/2023\/11\/pochette-cd-verso.jpg\" alt=\"\" class=\"wp-image-240\" srcset=\"https:\/\/messages-d-ici-et-ailleurs.space\/wp-content\/uploads\/2023\/11\/pochette-cd-verso.jpg 779w, https:\/\/messages-d-ici-et-ailleurs.space\/wp-content\/uploads\/2023\/11\/pochette-cd-verso-300x268.jpg 300w, https:\/\/messages-d-ici-et-ailleurs.space\/wp-content\/uploads\/2023\/11\/pochette-cd-verso-768x685.jpg 768w\" sizes=\"auto, (max-width: 767px) 89vw, (max-width: 1000px) 54vw, (max-width: 1071px) 543px, 580px\" \/><\/figure>\n<\/figure>\n<\/div><\/div>\n\n\n\t<div class=\"asp_product_item\">\n\t\t<div class=\"asp_product_item_top\">\n\t\t<div class=\"asp_product_item_thumbnail\">\n\t\t\t\n\t\t<\/div>\n\t\t<div class=\"asp_product_name\">\n\t\t\tCd RECONNEXION\n\t\t<\/div>\n\t\t<\/div>\n\t\t<div style=\"clear:both;\"><\/div>\n\t\t<div class=\"asp_product_description\">\n\t\t<p><img loading=\"lazy\" decoding=\"async\" class=\"alignnone size-medium wp-image-239\" src=\"http:\/\/messages-d-ici-et-ailleurs.space\/wp-content\/uploads\/2023\/11\/pochette-cd-recto-300x269.jpg\" alt=\"\" width=\"300\" height=\"269\" srcset=\"https:\/\/messages-d-ici-et-ailleurs.space\/wp-content\/uploads\/2023\/11\/pochette-cd-recto-300x269.jpg 300w, https:\/\/messages-d-ici-et-ailleurs.space\/wp-content\/uploads\/2023\/11\/pochette-cd-recto-768x689.jpg 768w, https:\/\/messages-d-ici-et-ailleurs.space\/wp-content\/uploads\/2023\/11\/pochette-cd-recto.jpg 779w\" sizes=\"auto, (max-width: 300px) 100vw, 300px\" \/><img loading=\"lazy\" decoding=\"async\" class=\"alignnone size-medium wp-image-240\" src=\"http:\/\/messages-d-ici-et-ailleurs.space\/wp-content\/uploads\/2023\/11\/pochette-cd-verso-300x268.jpg\" alt=\"\" width=\"300\" height=\"268\" srcset=\"https:\/\/messages-d-ici-et-ailleurs.space\/wp-content\/uploads\/2023\/11\/pochette-cd-verso-300x268.jpg 300w, https:\/\/messages-d-ici-et-ailleurs.space\/wp-content\/uploads\/2023\/11\/pochette-cd-verso-768x685.jpg 768w, https:\/\/messages-d-ici-et-ailleurs.space\/wp-content\/uploads\/2023\/11\/pochette-cd-verso.jpg 779w\" sizes=\"auto, (max-width: 300px) 100vw, 300px\" \/><\/p>\n\n\t\t<\/div>\n\t\t<div class=\"asp_price_container\">\n\t\t<span class=\"asp_price_amount\"><\/span> <span class=\"asp_new_price_amount\"><\/span> <span class=\"asp_quantity\"><\/span>\n\t\t<div class=\"asp_under_price_line\"><\/div>\n\t\t<\/div>\n\t\t<div class=\"asp_product_buy_button\">\n\t\t<div class=\"asp-processing-cont\" style=\"display:none;\"><span class=\"asp-processing\">Processing <i>.<\/i><i>.<\/i><i>.<\/i><\/span><\/div><form id = 'asp_ng_form_069dec1156d686' class='asp-stripe-form' action = '' METHOD = 'POST'> <input type='hidden' name='asp_product_id' value='246' \/><div class=\"asp-child-hidden-fields\" style=\"display: none !important;\"><\/div><\/form><div id=\"asp-all-buttons-container-069dec1156d686\" class=\"asp_all_buttons_container\"><div class=\"asp_product_buy_btn_container\"><button id=\"asp_ng_button_069dec1156d686\" type=\"submit\" class=\"asp_product_buy_btn blue\"><span>Achetez maintenant<\/span><\/button><\/div><noscript>Stripe Payments requires Javascript to be supported by the browser in order to operate.<\/noscript><\/div><div id=\"asp-btn-spinner-container-069dec1156d686\" class=\"asp-btn-spinner-container\" style=\"display: none !important\"><div class=\"asp-btn-spinner\"><div><\/div><div><\/div><div><\/div><div><\/div><\/div><\/div><script>var asp_data_069dec1156d686 = {\"is_live\":false,\"product_id\":\"246\",\"iframe_url\":\"https:\\\/\\\/messages-d-ici-et-ailleurs.space\\\/?asp_action=show_pp&product_id=246\",\"button_key\":\"eede5a97e941a7b2b1d07a69da119a43\",\"item_price\":0,\"quantity\":1,\"custom_quantity\":\"\",\"description\":\"\",\"descrGenerated\":false,\"shipping\":0,\"tax\":0,\"image\":\"\",\"currency\":\"EUR\",\"currency_variable\":\"\",\"locale\":\"auto\",\"name\":\"Cd RECONNEXION\",\"url\":\"\",\"amount\":0,\"billingAddress\":false,\"shippingAddress\":false,\"customer_email\":\"\",\"uniq_id\":\"069dec1156d686\",\"variable\":true,\"zeroCents\":[\"JPY\",\"MGA\",\"VND\",\"KRW\"],\"addonHooks\":[],\"button_text\":\"Achetez maintenant\",\"out_of_stock\":false,\"stock_control_enabled\":false,\"stock_items\":0,\"currencyFormat\":{\"c\":\"2\",\"d\":\".\",\"t\":\",\",\"s\":\"\\u20ac\",\"pos\":\"left\"},\"displayStr\":{\"tax\":\"%s (tax)\",\"ship\":\"%s (shipping)\"},\"thankyou_page_url\":\"\",\"show_custom_amount_input\":false};if(typeof jQuery!==\"undefined\") {jQuery(document).ready(function() {new stripeHandlerNG(asp_data_069dec1156d686);});} else { if (typeof wpaspInitOnDocReady===\"undefined\") {var wpaspInitOnDocReady=[];} wpaspInitOnDocReady.push(asp_data_069dec1156d686);}<\/script>\n\t\t<\/div>\n\t<\/div>\n\t\n\n\n<p><strong>Propos\u00e9 a l&#8217;\u00e9coute<\/strong><\/p>\n\n\n\n<p> *activer son coeur<\/p>\n\n\n\n<div class=\"wp-block-group is-nowrap is-layout-flex wp-container-core-group-is-layout-2 wp-block-group-is-layout-flex\">\n<figure class=\"wp-block-audio\"><audio controls src=\"http:\/\/messages-d-ici-et-ailleurs.space\/wp-content\/uploads\/2023\/02\/IMPRO-3.wav\"><\/audio><\/figure>\n<\/div>\n\n\n\n<p><\/p>\n\n\n\n<p>*Connecter a l&#8217;int\u00e9grit\u00e9<\/p>\n\n\n\n<figure class=\"wp-block-audio\"><audio controls src=\"http:\/\/messages-d-ici-et-ailleurs.space\/wp-content\/uploads\/2023\/02\/IMPRO-7.wav\"><\/audio><\/figure>\n\n\n\n<p>*Voyage int\u00e9rieur (mission de vie)<\/p>\n\n\n\n<figure class=\"wp-block-audio\"><audio controls src=\"http:\/\/messages-d-ici-et-ailleurs.space\/wp-content\/uploads\/2021\/07\/connexion-guid-corse-bord-ocean.mp3\"><\/audio><\/figure>\n\n\n\n<p><\/p>\n\n\n\n<p>*se rappeler qui tu es et pourquoi tu es n\u00e9(e)<\/p>\n\n\n\n<figure class=\"wp-block-audio\"><audio controls src=\"http:\/\/messages-d-ici-et-ailleurs.space\/wp-content\/uploads\/2023\/02\/IMPRO-4.wav\"><\/audio><\/figure>\n\n\n\n<div class=\"wp-block-group is-vertical is-layout-flex wp-container-core-group-is-layout-3 wp-block-group-is-layout-flex\">\n<figure class=\"wp-block-audio\"><audio controls src=\"http:\/\/messages-d-ici-et-ailleurs.space\/wp-content\/uploads\/2021\/07\/connexion-guid-corse-bord-ocean.mp3\"><\/audio><\/figure>\n<\/div>\n\n\n\n<p>*Femmes du monde,  chant militant, connect\u00e9, guerissant, slam\u00e9, canalis\u00e9 et activ\u00e9<\/p>\n\n\n\n<figure class=\"wp-block-audio\"><audio controls src=\"http:\/\/messages-d-ici-et-ailleurs.space\/wp-content\/uploads\/2023\/02\/IMPRO-10.wav\"><\/audio><\/figure>\n\n\n\n<p><strong>Decouverte<\/strong> (cd1 <\/p>\n\n\n\n<p><\/p>\n\n\n\n<p><strong>Guerison<\/strong> (cd3)<\/p>\n\n\n\n<p><\/p>\n\n\n\n<p><strong>Revelation<\/strong><\/p>\n\n\n\n<p class=\"has-vivid-cyan-blue-color has-text-color has-medium-font-size\">*<strong>les dessins canalis\u00e9s sur un sujet de votre choix<\/strong><\/p>\n\n\n\n<div class=\"wp-block-group is-nowrap is-layout-flex wp-container-core-group-is-layout-4 wp-block-group-is-layout-flex\">\n<figure class=\"wp-block-gallery has-nested-images columns-default is-cropped wp-block-gallery-2 is-layout-flex wp-block-gallery-is-layout-flex\">\n<figure class=\"wp-block-image size-large is-style-default\"><img loading=\"lazy\" decoding=\"async\" width=\"768\" height=\"1024\" src=\"http:\/\/messages-d-ici-et-ailleurs.space\/wp-content\/uploads\/2023\/11\/IMG_20230416_185827_759-768x1024.jpg\" alt=\"\" class=\"wp-image-241\" srcset=\"https:\/\/messages-d-ici-et-ailleurs.space\/wp-content\/uploads\/2023\/11\/IMG_20230416_185827_759-768x1024.jpg 768w, https:\/\/messages-d-ici-et-ailleurs.space\/wp-content\/uploads\/2023\/11\/IMG_20230416_185827_759-225x300.jpg 225w, https:\/\/messages-d-ici-et-ailleurs.space\/wp-content\/uploads\/2023\/11\/IMG_20230416_185827_759-1152x1536.jpg 1152w, https:\/\/messages-d-ici-et-ailleurs.space\/wp-content\/uploads\/2023\/11\/IMG_20230416_185827_759-1536x2048.jpg 1536w, https:\/\/messages-d-ici-et-ailleurs.space\/wp-content\/uploads\/2023\/11\/IMG_20230416_185827_759-scaled.jpg 1920w\" sizes=\"auto, (max-width: 767px) 89vw, (max-width: 1000px) 54vw, (max-width: 1071px) 543px, 580px\" \/><\/figure>\n<\/figure>\n\n\n\n<figure class=\"wp-block-gallery has-nested-images columns-default is-cropped wp-block-gallery-3 is-layout-flex wp-block-gallery-is-layout-flex\">\n<figure class=\"wp-block-image size-large\"><img loading=\"lazy\" decoding=\"async\" width=\"768\" height=\"1024\" src=\"http:\/\/messages-d-ici-et-ailleurs.space\/wp-content\/uploads\/2023\/11\/IMG_20230416_192552_296-768x1024.jpg\" alt=\"\" class=\"wp-image-242\" srcset=\"https:\/\/messages-d-ici-et-ailleurs.space\/wp-content\/uploads\/2023\/11\/IMG_20230416_192552_296-768x1024.jpg 768w, https:\/\/messages-d-ici-et-ailleurs.space\/wp-content\/uploads\/2023\/11\/IMG_20230416_192552_296-225x300.jpg 225w, https:\/\/messages-d-ici-et-ailleurs.space\/wp-content\/uploads\/2023\/11\/IMG_20230416_192552_296-1152x1536.jpg 1152w, https:\/\/messages-d-ici-et-ailleurs.space\/wp-content\/uploads\/2023\/11\/IMG_20230416_192552_296-1536x2048.jpg 1536w, https:\/\/messages-d-ici-et-ailleurs.space\/wp-content\/uploads\/2023\/11\/IMG_20230416_192552_296-scaled.jpg 1920w\" sizes=\"auto, (max-width: 767px) 89vw, (max-width: 1000px) 54vw, (max-width: 1071px) 543px, 580px\" \/><\/figure>\n<\/figure>\n<\/div>\n\n\n\n<p><\/p>\n\n\n\n<p class=\"has-vivid-cyan-blue-color has-text-color has-medium-font-size\"><strong>des chants de gu\u00e9rison canalis\u00e9, des messages d&#8217;Ailleurs,  des \u00e9manations r\u00e9v\u00e9lantes            sur rdv <\/strong>1a 2 heures<\/p>\n\n\n\n<p>(1h pour les petits revenus (\u00e9tudiants, chomeur,..) 40euros                                                                                     pour les revenus moyen 70 euros                                                                                                                                        et pour les hauts revenus min 90euros)<\/p>\n\n\n\n<p><\/p>\n\n\n\n<p class=\"has-medium-font-size\">Commande et r\u00e9servation via le contact<\/p>\n\n\n\n<p>djetina_vibration(arobase)mailo.com     (remplacer le arobase par le signe associ\u00e9)<\/p>\n\n\n<p>Select product to view<\/p>","protected":false},"excerpt":{"rendered":"<p>pour plus d&#8217;info djetina_vibration (arobase)mailo(point)com *les CD Reconnexion (cd2 sur une ile aux antipodes) acheter Propos\u00e9 a l&#8217;\u00e9coute *activer son coeur *Connecter a l&#8217;int\u00e9grit\u00e9 *Voyage int\u00e9rieur (mission de vie) *se rappeler qui tu es et pourquoi tu es n\u00e9(e) *Femmes du monde, chant militant, connect\u00e9, guerissant, slam\u00e9, canalis\u00e9 et activ\u00e9 Decouverte (cd1 Guerison (cd3) Revelation &hellip; <\/p>\n<p class=\"link-more\"><a href=\"https:\/\/messages-d-ici-et-ailleurs.space\/?page_id=238\" class=\"more-link\">Continue reading<span class=\"screen-reader-text\"> &#8220;Boutique&#8221;<\/span><\/a><\/p>\n","protected":false},"author":1,"featured_media":0,"parent":0,"menu_order":0,"comment_status":"closed","ping_status":"closed","template":"","meta":{"footnotes":""},"class_list":["post-238","page","type-page","status-publish","hentry"],"_links":{"self":[{"href":"https:\/\/messages-d-ici-et-ailleurs.space\/index.php?rest_route=\/wp\/v2\/pages\/238","targetHints":{"allow":["GET"]}}],"collection":[{"href":"https:\/\/messages-d-ici-et-ailleurs.space\/index.php?rest_route=\/wp\/v2\/pages"}],"about":[{"href":"https:\/\/messages-d-ici-et-ailleurs.space\/index.php?rest_route=\/wp\/v2\/types\/page"}],"author":[{"embeddable":true,"href":"https:\/\/messages-d-ici-et-ailleurs.space\/index.php?rest_route=\/wp\/v2\/users\/1"}],"replies":[{"embeddable":true,"href":"https:\/\/messages-d-ici-et-ailleurs.space\/index.php?rest_route=%2Fwp%2Fv2%2Fcomments&post=238"}],"version-history":[{"count":9,"href":"https:\/\/messages-d-ici-et-ailleurs.space\/index.php?rest_route=\/wp\/v2\/pages\/238\/revisions"}],"predecessor-version":[{"id":674,"href":"https:\/\/messages-d-ici-et-ailleurs.space\/index.php?rest_route=\/wp\/v2\/pages\/238\/revisions\/674"}],"wp:attachment":[{"href":"https:\/\/messages-d-ici-et-ailleurs.space\/index.php?rest_route=%2Fwp%2Fv2%2Fmedia&parent=238"}],"curies":[{"name":"wp","href":"https:\/\/api.w.org\/{rel}","templated":true}]}}