{"id":21,"date":"2020-06-04T05:20:58","date_gmt":"2020-06-04T03:20:58","guid":{"rendered":"http:\/\/messages-d-ici-et-ailleurs.space\/?page_id=21"},"modified":"2023-04-22T22:36:41","modified_gmt":"2023-04-22T20:36:41","slug":"soutenir","status":"publish","type":"page","link":"https:\/\/messages-d-ici-et-ailleurs.space\/?page_id=21","title":{"rendered":"Soutenir"},"content":{"rendered":"\n<p>Ca vous a plu ! ?<\/p>\n\n\n\n<p>*contribuer a votre \u00e9chelle a un monde meilleur, autorisez vous a r\u00e9ver a exister tout en respectant l&#8217;Oc\u00e9an du Vivant et Conscientisant notre impact sur l&#8217;Environnement et les Autres Gens<\/p>\n\n\n\n<p>* Faites un don s\u00e9curis\u00e9 &#8220;cliquez ici&#8221;<\/p>\n\n\n\n<p><a href=\"https:\/\/paypal.me\/DjetinaVibration?country.x=FR&amp;locale.x=fr_FR\">https:\/\/paypal.me\/DjetinaVibration?country.x=FR&amp;locale.x=fr_FR<\/a><\/p>\n\n\n\n<p class=\"has-white-color has-text-color\"> <a href=\"http:\/\/messages-d-ici-et-ailleurs.space\/?give_forms=donation-form\">http:\/\/messages-d-ici-et-ailleurs.space\/?give_forms=donation-form<\/a><\/p>\n\n\n\n<p>*Ecouter d&#8217;autres musiques et enregistrement sur Dj\u00e9tinaVibration sur mx cloud ou spotify (votre \u00e9coute soutien l&#8217;artiste)<\/p>\n\n\n\n<figure class=\"wp-block-embed is-type-rich is-provider-mixcloud wp-block-embed-mixcloud\"><div class=\"wp-block-embed__wrapper\">\n<iframe loading=\"lazy\" title=\"Djetinavibration\" width=\"200\" height=\"250\" src=\"https:\/\/www.mixcloud.com\/widget\/follow\/?u=https%3A%2F%2Fwww.mixcloud.com%2FDjetinaVibration%2F\" frameborder=\"0\"><\/iframe>\n<\/div><\/figure>\n\n\n\n<p>Faites un don s\u00e9curis\u00e9 &#8220;cliquez ici&#8221;<br><\/p>\n\n\n\n<p><br><\/p>\n","protected":false},"excerpt":{"rendered":"<p>Ca vous a plu ! ? *contribuer a votre \u00e9chelle a un monde meilleur, autorisez vous a r\u00e9ver a exister tout en respectant l&#8217;Oc\u00e9an du Vivant et Conscientisant notre impact sur l&#8217;Environnement et les Autres Gens * Faites un don s\u00e9curis\u00e9 &#8220;cliquez ici&#8221; https:\/\/paypal.me\/DjetinaVibration?country.x=FR&amp;locale.x=fr_FR http:\/\/messages-d-ici-et-ailleurs.space\/?give_forms=donation-form *Ecouter d&#8217;autres musiques et enregistrement sur Dj\u00e9tinaVibration sur mx cloud &hellip; <\/p>\n<p class=\"link-more\"><a href=\"https:\/\/messages-d-ici-et-ailleurs.space\/?page_id=21\" class=\"more-link\">Continue reading<span class=\"screen-reader-text\"> &#8220;Soutenir&#8221;<\/span><\/a><\/p>\n","protected":false},"author":1,"featured_media":0,"parent":0,"menu_order":0,"comment_status":"closed","ping_status":"closed","template":"","meta":{"footnotes":""},"class_list":["post-21","page","type-page","status-publish","hentry"],"_links":{"self":[{"href":"https:\/\/messages-d-ici-et-ailleurs.space\/index.php?rest_route=\/wp\/v2\/pages\/21","targetHints":{"allow":["GET"]}}],"collection":[{"href":"https:\/\/messages-d-ici-et-ailleurs.space\/index.php?rest_route=\/wp\/v2\/pages"}],"about":[{"href":"https:\/\/messages-d-ici-et-ailleurs.space\/index.php?rest_route=\/wp\/v2\/types\/page"}],"author":[{"embeddable":true,"href":"https:\/\/messages-d-ici-et-ailleurs.space\/index.php?rest_route=\/wp\/v2\/users\/1"}],"replies":[{"embeddable":true,"href":"https:\/\/messages-d-ici-et-ailleurs.space\/index.php?rest_route=%2Fwp%2Fv2%2Fcomments&post=21"}],"version-history":[{"count":5,"href":"https:\/\/messages-d-ici-et-ailleurs.space\/index.php?rest_route=\/wp\/v2\/pages\/21\/revisions"}],"predecessor-version":[{"id":212,"href":"https:\/\/messages-d-ici-et-ailleurs.space\/index.php?rest_route=\/wp\/v2\/pages\/21\/revisions\/212"}],"wp:attachment":[{"href":"https:\/\/messages-d-ici-et-ailleurs.space\/index.php?rest_route=%2Fwp%2Fv2%2Fmedia&parent=21"}],"curies":[{"name":"wp","href":"https:\/\/api.w.org\/{rel}","templated":true}]}}