{"id":139,"date":"2021-07-22T10:39:53","date_gmt":"2021-07-22T08:39:53","guid":{"rendered":"http:\/\/messages-d-ici-et-ailleurs.space\/?page_id=139"},"modified":"2021-07-22T10:51:18","modified_gmt":"2021-07-22T08:51:18","slug":"connecter-a-sa-sagesse-interieure-reverie-guidee-au-bord-de-la-mer","status":"publish","type":"page","link":"https:\/\/messages-d-ici-et-ailleurs.space\/?page_id=139","title":{"rendered":"Connecter a sa sagesse interieure &#8230;"},"content":{"rendered":"\n<figure class=\"wp-block-embed is-type-rich is-provider-mixcloud wp-block-embed-mixcloud wp-embed-aspect-21-9 wp-has-aspect-ratio\"><div class=\"wp-block-embed__wrapper\">\n<iframe loading=\"lazy\" title=\"Reverie Guid\u00e9e Rentrer Dans Son Arbre Et Connectez A Pourquoi On Est Ici\" width=\"100%\" height=\"120\" src=\"https:\/\/www.mixcloud.com\/widget\/iframe\/?feed=https%3A%2F%2Fwww.mixcloud.com%2FDjetinaVibration%2Freverie-guid%25C3%25A9e-rentrer-dans-son-arbre-et-connectez-a-pourquoi-on-est-ici%2F&amp;hide_cover=1\" frameborder=\"0\"><\/iframe>\n<\/div><\/figure>\n\n\n\n<figure class=\"wp-block-embed is-type-rich is-provider-mixcloud wp-block-embed-mixcloud wp-embed-aspect-9-16 wp-has-aspect-ratio\"><div class=\"wp-block-embed__wrapper\">\n<iframe loading=\"lazy\" title=\"Djetinavibration\" width=\"200\" height=\"250\" src=\"https:\/\/www.mixcloud.com\/widget\/follow\/?u=https%3A%2F%2Fwww.mixcloud.com%2FDjetinaVibration%2F\" frameborder=\"0\"><\/iframe>\n<\/div><\/figure>\n\n\n\n<p>voyage vers un ailleurs<\/p>\n\n\n\n<figure class=\"wp-block-embed is-type-rich is-provider-mixcloud wp-block-embed-mixcloud wp-embed-aspect-21-9 wp-has-aspect-ratio\"><div class=\"wp-block-embed__wrapper\">\n<iframe loading=\"lazy\" title=\"Reverie Guid\u00e9e \u00c0 La Rencontre De Sa Sagesse Int\u00e9rieure Via Un Voyage Vers Un Ailleurs\" width=\"100%\" height=\"120\" src=\"https:\/\/www.mixcloud.com\/widget\/iframe\/?feed=https%3A%2F%2Fwww.mixcloud.com%2FDjetinaVibration%2Freverie-guid%25C3%25A9e-%25C3%25A0-la-rencontre-de-sa-sagesse-int%25C3%25A9rieure-via-un-voyage-vers-un-ailleurs%2F&amp;hide_cover=1\" frameborder=\"0\"><\/iframe>\n<\/div><figcaption>autre version bord de mer<\/figcaption><\/figure>\n\n\n\n<figure class=\"wp-block-audio\"><audio controls src=\"http:\/\/messages-d-ici-et-ailleurs.space\/wp-content\/uploads\/2021\/07\/connexion-guid-corse-bord-ocean-2.mp3\"><\/audio><\/figure>\n","protected":false},"excerpt":{"rendered":"<p>voyage vers un ailleurs<\/p>\n","protected":false},"author":1,"featured_media":0,"parent":0,"menu_order":0,"comment_status":"closed","ping_status":"closed","template":"","meta":{"footnotes":""},"class_list":["post-139","page","type-page","status-publish","hentry"],"_links":{"self":[{"href":"https:\/\/messages-d-ici-et-ailleurs.space\/index.php?rest_route=\/wp\/v2\/pages\/139","targetHints":{"allow":["GET"]}}],"collection":[{"href":"https:\/\/messages-d-ici-et-ailleurs.space\/index.php?rest_route=\/wp\/v2\/pages"}],"about":[{"href":"https:\/\/messages-d-ici-et-ailleurs.space\/index.php?rest_route=\/wp\/v2\/types\/page"}],"author":[{"embeddable":true,"href":"https:\/\/messages-d-ici-et-ailleurs.space\/index.php?rest_route=\/wp\/v2\/users\/1"}],"replies":[{"embeddable":true,"href":"https:\/\/messages-d-ici-et-ailleurs.space\/index.php?rest_route=%2Fwp%2Fv2%2Fcomments&post=139"}],"version-history":[{"count":4,"href":"https:\/\/messages-d-ici-et-ailleurs.space\/index.php?rest_route=\/wp\/v2\/pages\/139\/revisions"}],"predecessor-version":[{"id":234,"href":"https:\/\/messages-d-ici-et-ailleurs.space\/index.php?rest_route=\/wp\/v2\/pages\/139\/revisions\/234"}],"wp:attachment":[{"href":"https:\/\/messages-d-ici-et-ailleurs.space\/index.php?rest_route=%2Fwp%2Fv2%2Fmedia&parent=139"}],"curies":[{"name":"wp","href":"https:\/\/api.w.org\/{rel}","templated":true}]}}