{"id":12,"date":"2020-06-04T05:00:29","date_gmt":"2020-06-04T03:00:29","guid":{"rendered":"http:\/\/messages-d-ici-et-ailleurs.space\/?page_id=12"},"modified":"2020-06-04T05:00:29","modified_gmt":"2020-06-04T03:00:29","slug":"emissions-pauses-dejeunes","status":"publish","type":"page","link":"https:\/\/messages-d-ici-et-ailleurs.space\/?page_id=12","title":{"rendered":"Emissions pauses d\u00e9jeun\u00e9s"},"content":{"rendered":"\n<p>3 mai 2020 : sieste r\u00e9g\u00e9n\u00e9rative et m\u00e9ta analyse, douces r\u00eaveries et dure &#8220;r\u00e9alit\u00e9&#8221; issue d&#8217;une norme peut \u00eatre anormale car anti vivant,&#8230; cliquez ici pour ecouter<\/p>\n\n\n\n<p>2 mai 2020<\/p>\n","protected":false},"excerpt":{"rendered":"<p>3 mai 2020 : sieste r\u00e9g\u00e9n\u00e9rative et m\u00e9ta analyse, douces r\u00eaveries et dure &#8220;r\u00e9alit\u00e9&#8221; issue d&#8217;une norme peut \u00eatre anormale car anti vivant,&#8230; cliquez ici pour ecouter 2 mai 2020<\/p>\n","protected":false},"author":1,"featured_media":0,"parent":0,"menu_order":0,"comment_status":"closed","ping_status":"closed","template":"","meta":{"footnotes":""},"class_list":["post-12","page","type-page","status-publish","hentry"],"_links":{"self":[{"href":"https:\/\/messages-d-ici-et-ailleurs.space\/index.php?rest_route=\/wp\/v2\/pages\/12","targetHints":{"allow":["GET"]}}],"collection":[{"href":"https:\/\/messages-d-ici-et-ailleurs.space\/index.php?rest_route=\/wp\/v2\/pages"}],"about":[{"href":"https:\/\/messages-d-ici-et-ailleurs.space\/index.php?rest_route=\/wp\/v2\/types\/page"}],"author":[{"embeddable":true,"href":"https:\/\/messages-d-ici-et-ailleurs.space\/index.php?rest_route=\/wp\/v2\/users\/1"}],"replies":[{"embeddable":true,"href":"https:\/\/messages-d-ici-et-ailleurs.space\/index.php?rest_route=%2Fwp%2Fv2%2Fcomments&post=12"}],"version-history":[{"count":1,"href":"https:\/\/messages-d-ici-et-ailleurs.space\/index.php?rest_route=\/wp\/v2\/pages\/12\/revisions"}],"predecessor-version":[{"id":13,"href":"https:\/\/messages-d-ici-et-ailleurs.space\/index.php?rest_route=\/wp\/v2\/pages\/12\/revisions\/13"}],"wp:attachment":[{"href":"https:\/\/messages-d-ici-et-ailleurs.space\/index.php?rest_route=%2Fwp%2Fv2%2Fmedia&parent=12"}],"curies":[{"name":"wp","href":"https:\/\/api.w.org\/{rel}","templated":true}]}}