{"id":100,"date":"2021-05-09T08:41:40","date_gmt":"2021-05-09T06:41:40","guid":{"rendered":"http:\/\/messages-d-ici-et-ailleurs.space\/?page_id=100"},"modified":"2021-07-26T18:02:49","modified_gmt":"2021-07-26T16:02:49","slug":"dvnt-perso","status":"publish","type":"page","link":"https:\/\/messages-d-ici-et-ailleurs.space\/?page_id=100","title":{"rendered":"Dvnt perso"},"content":{"rendered":"\n<p>ZOUM\/DEZOUM; FRACTALE;CYCLICITE<\/p>\n\n\n\n<p>rapport \u00e0 soi<\/p>\n\n\n\n<p>rapport aux autres<\/p>\n\n\n\n<p>rapport au syst\u00e8me<\/p>\n\n\n\n<p>rapport \u00e0 la biodiversit\u00e9<\/p>\n\n\n\n<p>rapport \u00e0 l&#8217;Ailleurs<\/p>\n\n\n\n<p><\/p>\n\n\n\n<p>OUTILS<\/p>\n\n\n\n<p>wiki en chemin ver soi<\/p>\n\n\n\n<p>\u00e9ducation autrement<\/p>\n\n\n\n<p>recueil d&#8217;exercice<\/p>\n\n\n\n<p><a href=\"https:\/\/www.facebook.com\/fifi.delalune\/posts\/10157640994291067\">Film<\/a>  <\/p>\n\n\n\n<p>Chaines you tube<\/p>\n\n\n\n<p><a href=\"https:\/\/www.youtube.com\/channel\/UCi5C2mmDqT0W1rgFL6lMFpA\">et si on changeait pour de vrai<\/a><\/p>\n\n\n\n<p><a href=\"https:\/\/www.youtube.com\/channel\/UCNZTqWeT62pZAtI_Q4Vtzpg\">medit du matin<\/a><\/p>\n\n\n\n<p><a href=\"https:\/\/www.youtube.com\/channel\/UClaRzWDs_fh108MGQthLuqA\">exos du dedans<\/a><\/p>\n\n\n\n<p><a href=\"https:\/\/www.youtube.com\/channel\/UCQZpim1BJPBKkwdJvL-lDAQ\">instants paus\u00e9s posant<\/a><\/p>\n","protected":false},"excerpt":{"rendered":"<p>ZOUM\/DEZOUM; FRACTALE;CYCLICITE rapport \u00e0 soi rapport aux autres rapport au syst\u00e8me rapport \u00e0 la biodiversit\u00e9 rapport \u00e0 l&#8217;Ailleurs OUTILS wiki en chemin ver soi \u00e9ducation autrement recueil d&#8217;exercice Film Chaines you tube et si on changeait pour de vrai medit du matin exos du dedans instants paus\u00e9s posant<\/p>\n","protected":false},"author":1,"featured_media":0,"parent":0,"menu_order":0,"comment_status":"closed","ping_status":"closed","template":"","meta":{"footnotes":""},"class_list":["post-100","page","type-page","status-publish","hentry"],"_links":{"self":[{"href":"https:\/\/messages-d-ici-et-ailleurs.space\/index.php?rest_route=\/wp\/v2\/pages\/100","targetHints":{"allow":["GET"]}}],"collection":[{"href":"https:\/\/messages-d-ici-et-ailleurs.space\/index.php?rest_route=\/wp\/v2\/pages"}],"about":[{"href":"https:\/\/messages-d-ici-et-ailleurs.space\/index.php?rest_route=\/wp\/v2\/types\/page"}],"author":[{"embeddable":true,"href":"https:\/\/messages-d-ici-et-ailleurs.space\/index.php?rest_route=\/wp\/v2\/users\/1"}],"replies":[{"embeddable":true,"href":"https:\/\/messages-d-ici-et-ailleurs.space\/index.php?rest_route=%2Fwp%2Fv2%2Fcomments&post=100"}],"version-history":[{"count":6,"href":"https:\/\/messages-d-ici-et-ailleurs.space\/index.php?rest_route=\/wp\/v2\/pages\/100\/revisions"}],"predecessor-version":[{"id":153,"href":"https:\/\/messages-d-ici-et-ailleurs.space\/index.php?rest_route=\/wp\/v2\/pages\/100\/revisions\/153"}],"wp:attachment":[{"href":"https:\/\/messages-d-ici-et-ailleurs.space\/index.php?rest_route=%2Fwp%2Fv2%2Fmedia&parent=100"}],"curies":[{"name":"wp","href":"https:\/\/api.w.org\/{rel}","templated":true}]}}